{"id":4381,"date":"2025-01-14T11:54:29","date_gmt":"2025-01-14T13:54:29","guid":{"rendered":"http:\/\/itatae.eu\/?page_id=4381"},"modified":"2026-04-28T10:38:23","modified_gmt":"2026-04-28T12:38:23","slug":"agur-visuals","status":"publish","type":"page","link":"https:\/\/agur.eu\/en\/","title":{"rendered":"agurvisuals"},"content":{"rendered":"\r\n<figure class=\"wp-block-image size-large is-resized\"><a href=\"https:\/\/agur.eu\/en\/work\/\"><img loading=\"lazy\" decoding=\"async\" width=\"785\" height=\"785\" class=\"wp-image-4948\" style=\"width: 624px; height: auto;\" src=\"https:\/\/agur.eu\/wp-content\/uploads\/2026\/04\/AV-poster-1-785x785.jpg\" alt=\"\" srcset=\"https:\/\/agur.eu\/wp-content\/uploads\/2026\/04\/AV-poster-1-785x785.jpg 785w, https:\/\/agur.eu\/wp-content\/uploads\/2026\/04\/AV-poster-1-300x300.jpg 300w, https:\/\/agur.eu\/wp-content\/uploads\/2026\/04\/AV-poster-1-145x145.jpg 145w, https:\/\/agur.eu\/wp-content\/uploads\/2026\/04\/AV-poster-1-768x768.jpg 768w, https:\/\/agur.eu\/wp-content\/uploads\/2026\/04\/AV-poster-1-1536x1536.jpg 1536w, https:\/\/agur.eu\/wp-content\/uploads\/2026\/04\/AV-poster-1-2048x2048.jpg 2048w\" sizes=\"auto, (max-width: 785px) 100vw, 785px\" \/><\/a><\/figure>\r\n","protected":false},"excerpt":{"rendered":"","protected":false},"author":4,"featured_media":0,"parent":0,"menu_order":0,"comment_status":"closed","ping_status":"closed","template":"","meta":{"footnotes":""},"categories":[],"tags":[797,763,902,988,989,938,914,984,929,910,924,933,919,921,926,905,906,927,928,907,915,903,934,936,923,922,931,985,912,986,909,935,916,904,925,983,918,917],"class_list":["post-4381","page","type-page","status-publish","hentry","tag-agur","tag-agur-paesuld","tag-andmete-visualiseerimine","tag-brosuur","tag-brosuurid","tag-disain","tag-flaierid","tag-fototood","tag-fototootlus","tag-fuusilised-kaardid","tag-graafiline-disain","tag-helindamine","tag-identiteet","tag-illustratsioonid","tag-infograafika-kujundamine-toimetamine","tag-infograafilised-lood","tag-infograafilised-plakatid-bannerid","tag-kaartide-kujundamine-toimetamine","tag-kartogrammid","tag-kartoidid","tag-kleebised","tag-kontuurkaardid","tag-kujundamine","tag-kuljendamine","tag-logod","tag-plakatid","tag-statistilised-kaardid","tag-teabegfaafika-koostamine","tag-teabegraafika","tag-teabegraafika-kujundamine","tag-temaatilised-kaardid","tag-trukised","tag-trukiste-kujundamine-kuljendamine","tag-turismikaardid","tag-veebibannerid","tag-videotood","tag-vihikud","tag-visiitkaardid"],"yoast_head":"<!-- This site is optimized with the Yoast SEO plugin v27.4 - https:\/\/yoast.com\/product\/yoast-seo-wordpress\/ -->\n<title>agurvisuals<\/title>\n<meta name=\"robots\" content=\"index, follow, max-snippet:-1, max-image-preview:large, max-video-preview:-1\" \/>\n<meta property=\"og:locale\" content=\"en_GB\" \/>\n<meta property=\"og:type\" content=\"article\" \/>\n<meta property=\"og:title\" content=\"agurvisuals\" \/>\n<meta property=\"og:url\" content=\"https:\/\/agur.eu\/en\/\" \/>\n<meta property=\"og:site_name\" content=\"agur visuals\" \/>\n<meta property=\"article:publisher\" content=\"https:\/\/www.facebook.com\/agurvisuals.creative\" \/>\n<meta property=\"article:modified_time\" content=\"2026-04-28T12:38:23+00:00\" \/>\n<meta property=\"og:image\" content=\"https:\/\/agur.eu\/wp-content\/uploads\/2026\/04\/AV-poster-1.jpg\" \/>\n\t<meta property=\"og:image:width\" content=\"2320\" \/>\n\t<meta property=\"og:image:height\" content=\"2320\" \/>\n\t<meta property=\"og:image:type\" content=\"image\/jpeg\" \/>\n<meta name=\"twitter:label1\" content=\"Est. reading time\" \/>\n\t<meta name=\"twitter:data1\" content=\"1 minute\" \/>\n<script type=\"application\/ld+json\" class=\"yoast-schema-graph\">{\"@context\":\"https:\\\/\\\/schema.org\",\"@graph\":[{\"@type\":\"WebPage\",\"@id\":\"https:\\\/\\\/agur.eu\\\/en\\\/\",\"url\":\"https:\\\/\\\/agur.eu\\\/en\\\/\",\"name\":\"AV - agur visuals\",\"isPartOf\":{\"@id\":\"https:\\\/\\\/agur.eu\\\/#website\"},\"primaryImageOfPage\":{\"@id\":\"https:\\\/\\\/agur.eu\\\/en\\\/#primaryimage\"},\"image\":{\"@id\":\"https:\\\/\\\/agur.eu\\\/en\\\/#primaryimage\"},\"thumbnailUrl\":\"https:\\\/\\\/agur.eu\\\/wp-content\\\/uploads\\\/2026\\\/04\\\/AV-poster-1-785x785.jpg\",\"datePublished\":\"2025-01-14T13:54:29+00:00\",\"dateModified\":\"2026-04-28T12:38:23+00:00\",\"description\":\"Agur Paes\u00fcld \u2013 graafiline disain, kujundust\u00f6\u00f6d & k\u00fcljendamine | infograafika (teabegraafika) ja temaatiliste kaartide kujundamine & toimetamine | video- & fotot\u00f6\u00f6d\",\"breadcrumb\":{\"@id\":\"https:\\\/\\\/agur.eu\\\/en\\\/#breadcrumb\"},\"inLanguage\":\"en-GB\",\"potentialAction\":[{\"@type\":\"ReadAction\",\"target\":[\"https:\\\/\\\/agur.eu\\\/en\\\/\"]}]},{\"@type\":\"ImageObject\",\"inLanguage\":\"en-GB\",\"@id\":\"https:\\\/\\\/agur.eu\\\/en\\\/#primaryimage\",\"url\":\"https:\\\/\\\/agur.eu\\\/wp-content\\\/uploads\\\/2026\\\/04\\\/AV-poster-1-785x785.jpg\",\"contentUrl\":\"https:\\\/\\\/agur.eu\\\/wp-content\\\/uploads\\\/2026\\\/04\\\/AV-poster-1-785x785.jpg\"},{\"@type\":\"BreadcrumbList\",\"@id\":\"https:\\\/\\\/agur.eu\\\/en\\\/#breadcrumb\",\"itemListElement\":[{\"@type\":\"ListItem\",\"position\":1,\"name\":\"agurvisuals\",\"item\":\"https:\\\/\\\/agur.eu\\\/\"},{\"@type\":\"ListItem\",\"position\":2,\"name\":\"agurvisuals\"}]},{\"@type\":\"WebSite\",\"@id\":\"https:\\\/\\\/agur.eu\\\/en\\\/#website\",\"url\":\"https:\\\/\\\/agur.eu\\\/en\\\/\",\"name\":\"agur visuals\",\"description\":\"AI-free graphic design &amp; infographics\",\"publisher\":{\"@id\":\"https:\\\/\\\/agur.eu\\\/en\\\/#organization\"},\"potentialAction\":[{\"@type\":\"SearchAction\",\"target\":{\"@type\":\"EntryPoint\",\"urlTemplate\":\"https:\\\/\\\/agur.eu\\\/en\\\/?s={search_term_string}\"},\"query-input\":{\"@type\":\"PropertyValueSpecification\",\"valueRequired\":true,\"valueName\":\"search_term_string\"}}],\"inLanguage\":\"en-GB\"},{\"@type\":\"Organization\",\"@id\":\"https:\\\/\\\/agur.eu\\\/en\\\/#organization\",\"name\":\"agur visuals\",\"url\":\"https:\\\/\\\/agur.eu\\\/en\\\/\",\"logo\":{\"@type\":\"ImageObject\",\"inLanguage\":\"en-GB\",\"@id\":\"https:\\\/\\\/agur.eu\\\/en\\\/#\\\/schema\\\/logo\\\/image\\\/\",\"url\":\"https:\\\/\\\/agur.eu\\\/wp-content\\\/uploads\\\/2026\\\/04\\\/AV_logo.png\",\"contentUrl\":\"https:\\\/\\\/agur.eu\\\/wp-content\\\/uploads\\\/2026\\\/04\\\/AV_logo.png\",\"width\":571,\"height\":935,\"caption\":\"agur visuals\"},\"image\":{\"@id\":\"https:\\\/\\\/agur.eu\\\/en\\\/#\\\/schema\\\/logo\\\/image\\\/\"},\"sameAs\":[\"https:\\\/\\\/www.facebook.com\\\/agurvisuals.creative\"]}]}<\/script>\n<!-- \/ Yoast SEO plugin. -->","yoast_head_json":{"title":"agurvisuals","robots":{"index":"index","follow":"follow","max-snippet":"max-snippet:-1","max-image-preview":"max-image-preview:large","max-video-preview":"max-video-preview:-1"},"og_locale":"en_GB","og_type":"article","og_title":"agurvisuals","og_url":"https:\/\/agur.eu\/en\/","og_site_name":"agur visuals","article_publisher":"https:\/\/www.facebook.com\/agurvisuals.creative","article_modified_time":"2026-04-28T12:38:23+00:00","og_image":[{"width":2320,"height":2320,"url":"https:\/\/agur.eu\/wp-content\/uploads\/2026\/04\/AV-poster-1.jpg","type":"image\/jpeg"}],"twitter_misc":{"Est. reading time":"1 minute"},"schema":{"@context":"https:\/\/schema.org","@graph":[{"@type":"WebPage","@id":"https:\/\/agur.eu\/en\/","url":"https:\/\/agur.eu\/en\/","name":"AV - agur visuals","isPartOf":{"@id":"https:\/\/agur.eu\/#website"},"primaryImageOfPage":{"@id":"https:\/\/agur.eu\/en\/#primaryimage"},"image":{"@id":"https:\/\/agur.eu\/en\/#primaryimage"},"thumbnailUrl":"https:\/\/agur.eu\/wp-content\/uploads\/2026\/04\/AV-poster-1-785x785.jpg","datePublished":"2025-01-14T13:54:29+00:00","dateModified":"2026-04-28T12:38:23+00:00","description":"Agur Paes\u00fcld \u2013 graafiline disain, kujundust\u00f6\u00f6d & k\u00fcljendamine | infograafika (teabegraafika) ja temaatiliste kaartide kujundamine & toimetamine | video- & fotot\u00f6\u00f6d","breadcrumb":{"@id":"https:\/\/agur.eu\/en\/#breadcrumb"},"inLanguage":"en-GB","potentialAction":[{"@type":"ReadAction","target":["https:\/\/agur.eu\/en\/"]}]},{"@type":"ImageObject","inLanguage":"en-GB","@id":"https:\/\/agur.eu\/en\/#primaryimage","url":"https:\/\/agur.eu\/wp-content\/uploads\/2026\/04\/AV-poster-1-785x785.jpg","contentUrl":"https:\/\/agur.eu\/wp-content\/uploads\/2026\/04\/AV-poster-1-785x785.jpg"},{"@type":"BreadcrumbList","@id":"https:\/\/agur.eu\/en\/#breadcrumb","itemListElement":[{"@type":"ListItem","position":1,"name":"agurvisuals","item":"https:\/\/agur.eu\/"},{"@type":"ListItem","position":2,"name":"agurvisuals"}]},{"@type":"WebSite","@id":"https:\/\/agur.eu\/en\/#website","url":"https:\/\/agur.eu\/en\/","name":"agur visuals","description":"AI-free graphic design &amp; infographics","publisher":{"@id":"https:\/\/agur.eu\/en\/#organization"},"potentialAction":[{"@type":"SearchAction","target":{"@type":"EntryPoint","urlTemplate":"https:\/\/agur.eu\/en\/?s={search_term_string}"},"query-input":{"@type":"PropertyValueSpecification","valueRequired":true,"valueName":"search_term_string"}}],"inLanguage":"en-GB"},{"@type":"Organization","@id":"https:\/\/agur.eu\/en\/#organization","name":"agur visuals","url":"https:\/\/agur.eu\/en\/","logo":{"@type":"ImageObject","inLanguage":"en-GB","@id":"https:\/\/agur.eu\/en\/#\/schema\/logo\/image\/","url":"https:\/\/agur.eu\/wp-content\/uploads\/2026\/04\/AV_logo.png","contentUrl":"https:\/\/agur.eu\/wp-content\/uploads\/2026\/04\/AV_logo.png","width":571,"height":935,"caption":"agur visuals"},"image":{"@id":"https:\/\/agur.eu\/en\/#\/schema\/logo\/image\/"},"sameAs":["https:\/\/www.facebook.com\/agurvisuals.creative"]}]}},"_links":{"self":[{"href":"https:\/\/agur.eu\/en\/wp-json\/wp\/v2\/pages\/4381","targetHints":{"allow":["GET"]}}],"collection":[{"href":"https:\/\/agur.eu\/en\/wp-json\/wp\/v2\/pages"}],"about":[{"href":"https:\/\/agur.eu\/en\/wp-json\/wp\/v2\/types\/page"}],"author":[{"embeddable":true,"href":"https:\/\/agur.eu\/en\/wp-json\/wp\/v2\/users\/4"}],"replies":[{"embeddable":true,"href":"https:\/\/agur.eu\/en\/wp-json\/wp\/v2\/comments?post=4381"}],"version-history":[{"count":24,"href":"https:\/\/agur.eu\/en\/wp-json\/wp\/v2\/pages\/4381\/revisions"}],"predecessor-version":[{"id":4952,"href":"https:\/\/agur.eu\/en\/wp-json\/wp\/v2\/pages\/4381\/revisions\/4952"}],"wp:attachment":[{"href":"https:\/\/agur.eu\/en\/wp-json\/wp\/v2\/media?parent=4381"}],"wp:term":[{"taxonomy":"category","embeddable":true,"href":"https:\/\/agur.eu\/en\/wp-json\/wp\/v2\/categories?post=4381"},{"taxonomy":"post_tag","embeddable":true,"href":"https:\/\/agur.eu\/en\/wp-json\/wp\/v2\/tags?post=4381"}],"curies":[{"name":"wp","href":"https:\/\/api.w.org\/{rel}","templated":true}]}}