{"id":4933,"date":"2026-04-27T17:22:46","date_gmt":"2026-04-27T19:22:46","guid":{"rendered":"https:\/\/agur.eu\/?page_id=4933"},"modified":"2026-04-28T10:39:26","modified_gmt":"2026-04-28T12:39:26","slug":"teenused","status":"publish","type":"page","link":"https:\/\/agur.eu\/en\/work\/","title":{"rendered":"work"},"content":{"rendered":"<div class=\"wp-block-spacer\" style=\"height: 44px;\" aria-hidden=\"true\">&nbsp;<\/div>\r\n<!-- \/wp:post-content -->\r\n\r\n<!-- wp:paragraph {\"style\":{\"color\":{\"text\":\"#6c7d80\"},\"elements\":{\"link\":{\"color\":{\"text\":\"#6c7d80\"}}}},\"fontSize\":\"medium\"} -->\r\n<p class=\"has-text-color has-link-color has-medium-font-size\" style=\"color: #6c7d80;\"><strong>AV provides following services:<\/strong><\/p>\r\n<!-- \/wp:paragraph -->\r\n\r\n<!-- wp:spacer {\"height\":\"22px\"} -->\r\n<div class=\"wp-block-spacer\" style=\"height: 22px;\" aria-hidden=\"true\">&nbsp;<\/div>\r\n<!-- \/wp:spacer -->\r\n\r\n<!-- wp:paragraph {\"style\":{\"color\":{\"text\":\"#6c7d80\"},\"elements\":{\"link\":{\"color\":{\"text\":\"#6c7d80\"}}}},\"fontSize\":\"medium\"} -->\r\n<p class=\"has-text-color has-link-color has-medium-font-size\" style=\"color: #6c7d80;\"><strong>graphic design &amp; layout<\/strong>\r\n<br>\r\n[business cards | logos | banners | brochures | flyers | stickers | posters | illustrations]<\/p>\r\n<!-- \/wp:paragraph -->\r\n\r\n<!-- wp:spacer {\"height\":\"22px\"} -->\r\n<div class=\"wp-block-spacer\" style=\"height: 22px;\" aria-hidden=\"true\">&nbsp;<\/div>\r\n<!-- \/wp:spacer -->\r\n\r\n<!-- wp:paragraph {\"style\":{\"color\":{\"text\":\"#6c7d80\"},\"elements\":{\"link\":{\"color\":{\"text\":\"#6c7d80\"}}}},\"fontSize\":\"medium\"} -->\r\n<p class=\"has-text-color has-link-color has-medium-font-size\" style=\"color: #6c7d80;\"><strong>infographics (information graphics) design &amp; editing<\/strong>\r\n<br>\r\n[data visualization | infographic stories | infographic posters &amp; banners]<\/p>\r\n<!-- \/wp:paragraph -->\r\n\r\n<!-- wp:spacer {\"height\":\"22px\"} -->\r\n<div class=\"wp-block-spacer\" style=\"height: 22px;\" aria-hidden=\"true\">&nbsp;<\/div>\r\n<!-- \/wp:spacer -->\r\n\r\n<!-- wp:paragraph {\"style\":{\"color\":{\"text\":\"#6c7d80\"},\"elements\":{\"link\":{\"color\":{\"text\":\"#6c7d80\"}}}},\"fontSize\":\"medium\"} -->\r\n<p class=\"has-text-color has-link-color has-medium-font-size\" style=\"color: #6c7d80;\"><strong>map design &amp; editing<\/strong>\r\n<br>\r\n[tourism maps&nbsp; | thematic maps | cartograms | statistical maps | choropleth maps | physical maps]<\/p>\r\n<!-- \/wp:paragraph -->\r\n\r\n<!-- wp:spacer {\"height\":\"22px\"} -->\r\n<div class=\"wp-block-spacer\" style=\"height: 22px;\" aria-hidden=\"true\">&nbsp;<\/div>\r\n<!-- \/wp:spacer -->\r\n\r\n<!-- wp:paragraph {\"style\":{\"color\":{\"text\":\"#6c7d80\"},\"elements\":{\"link\":{\"color\":{\"text\":\"#6c7d80\"}}}},\"fontSize\":\"medium\"} -->\r\n<p class=\"has-text-color has-link-color has-medium-font-size\" style=\"color: #6c7d80;\"><strong>video- &amp; photography<\/strong>\r\n<br>\r\n[filming | editing |sound design | photo shooting &amp; editing | collage]<\/p>","protected":false},"excerpt":{"rendered":"<p>&nbsp; AV provides following services: &nbsp; graphic design &amp; layout [business cards | logos | banners | brochures | flyers | stickers | posters | illustrations] &nbsp; infographics (information graphics) design &amp; editing [data visualization | infographic stories | infographic posters &amp; banners] &nbsp; map design &amp; editing [tourism maps&nbsp; | thematic maps | cartograms [&hellip;]<\/p>\n","protected":false},"author":4,"featured_media":0,"parent":0,"menu_order":0,"comment_status":"closed","ping_status":"closed","template":"","meta":{"footnotes":""},"categories":[],"tags":[797,763,902,988,989,914,910,924,933,919,921,926,905,906,927,928,907,915,903,923,932,922,931,909,916,904,925,973,930,987,918,917],"class_list":["post-4933","page","type-page","status-publish","hentry","tag-agur","tag-agur-paesuld","tag-andmete-visualiseerimine","tag-brosuur","tag-brosuurid","tag-flaierid","tag-fuusilised-kaardid","tag-graafiline-disain","tag-helindamine","tag-identiteet","tag-illustratsioonid","tag-infograafika-kujundamine-toimetamine","tag-infograafilised-lood","tag-infograafilised-plakatid-bannerid","tag-kaartide-kujundamine-toimetamine","tag-kartogrammid","tag-kartoidid","tag-kleebised","tag-kontuurkaardid","tag-logod","tag-montaaz","tag-plakatid","tag-statistilised-kaardid","tag-temaatilised-kaardid","tag-trukiste-kujundamine-kuljendamine","tag-turismikaardid","tag-veebibannerid","tag-video-monteerimine","tag-video-fototood","tag-videomontaaz","tag-vihikud","tag-visiitkaardid"],"yoast_head":"<!-- This site is optimized with the Yoast SEO plugin v27.4 - https:\/\/yoast.com\/product\/yoast-seo-wordpress\/ -->\n<title>work<\/title>\n<meta name=\"description\" content=\"&nbsp; AV provides following services: &nbsp; graphic design &amp; layout [business cards | logos | banners | brochures | flyers | stickers | posters | illustrations] &nbsp; infographics (information graphics) design &amp; editing [data visualization | infographic stories | infographic posters &amp; banners] &nbsp; map design &amp; editing [tourism maps&nbsp; | thematic maps | cartograms&hellip;\" \/>\n<meta name=\"robots\" content=\"index, follow, max-snippet:-1, max-image-preview:large, max-video-preview:-1\" \/>\n<link rel=\"canonical\" href=\"\" \/>\n<meta property=\"og:locale\" content=\"en_GB\" \/>\n<meta property=\"og:type\" content=\"article\" \/>\n<meta property=\"og:title\" content=\"work\" \/>\n<meta property=\"og:description\" content=\"&nbsp; AV provides following services: &nbsp; graphic design &amp; layout [business cards | logos | banners | brochures | flyers | stickers | posters | illustrations] &nbsp; infographics (information graphics) design &amp; editing [data visualization | infographic stories | infographic posters &amp; banners] &nbsp; map design &amp; editing [tourism maps&nbsp; | thematic maps | cartograms&hellip;\" \/>\n<meta property=\"og:url\" content=\"https:\/\/agur.eu\/en\/work\/\" \/>\n<meta property=\"og:site_name\" content=\"agur visuals\" \/>\n<meta property=\"article:publisher\" content=\"https:\/\/www.facebook.com\/agurvisuals.creative\" \/>\n<meta property=\"article:modified_time\" content=\"2026-04-28T12:39:26+00:00\" \/>\n<meta name=\"twitter:label1\" content=\"Est. reading time\" \/>\n\t<meta name=\"twitter:data1\" content=\"1 minute\" \/>\n<script type=\"application\/ld+json\" class=\"yoast-schema-graph\">{\"@context\":\"https:\\\/\\\/schema.org\",\"@graph\":[{\"@type\":\"WebPage\",\"@id\":\"https:\\\/\\\/agur.eu\\\/en\\\/work\\\/\",\"url\":\"https:\\\/\\\/agur.eu\\\/en\\\/work\\\/\",\"name\":\"teenused - agur visuals\",\"isPartOf\":{\"@id\":\"https:\\\/\\\/agur.eu\\\/#website\"},\"datePublished\":\"2026-04-27T19:22:46+00:00\",\"dateModified\":\"2026-04-28T12:39:26+00:00\",\"description\":\"graafiline disain, kujundust\u00f6\u00f6d & k\u00fcljendamine | infograafika (teabegraafika) ja temaatiliste kaartide kujundamine & toimetamine | video- & fotot\u00f6\u00f6d\",\"breadcrumb\":{\"@id\":\"https:\\\/\\\/agur.eu\\\/en\\\/work\\\/#breadcrumb\"},\"inLanguage\":\"en-GB\",\"potentialAction\":[{\"@type\":\"ReadAction\",\"target\":[\"https:\\\/\\\/agur.eu\\\/en\\\/work\\\/\"]}]},{\"@type\":\"BreadcrumbList\",\"@id\":\"https:\\\/\\\/agur.eu\\\/en\\\/work\\\/#breadcrumb\",\"itemListElement\":[{\"@type\":\"ListItem\",\"position\":1,\"name\":\"agurvisuals\",\"item\":\"https:\\\/\\\/agur.eu\\\/\"},{\"@type\":\"ListItem\",\"position\":2,\"name\":\"work\"}]},{\"@type\":\"WebSite\",\"@id\":\"https:\\\/\\\/agur.eu\\\/en\\\/#website\",\"url\":\"https:\\\/\\\/agur.eu\\\/en\\\/\",\"name\":\"agur visuals\",\"description\":\"AI-free graphic design &amp; infographics\",\"publisher\":{\"@id\":\"https:\\\/\\\/agur.eu\\\/en\\\/#organization\"},\"potentialAction\":[{\"@type\":\"SearchAction\",\"target\":{\"@type\":\"EntryPoint\",\"urlTemplate\":\"https:\\\/\\\/agur.eu\\\/en\\\/?s={search_term_string}\"},\"query-input\":{\"@type\":\"PropertyValueSpecification\",\"valueRequired\":true,\"valueName\":\"search_term_string\"}}],\"inLanguage\":\"en-GB\"},{\"@type\":\"Organization\",\"@id\":\"https:\\\/\\\/agur.eu\\\/en\\\/#organization\",\"name\":\"agur visuals\",\"url\":\"https:\\\/\\\/agur.eu\\\/en\\\/\",\"logo\":{\"@type\":\"ImageObject\",\"inLanguage\":\"en-GB\",\"@id\":\"https:\\\/\\\/agur.eu\\\/en\\\/#\\\/schema\\\/logo\\\/image\\\/\",\"url\":\"https:\\\/\\\/agur.eu\\\/wp-content\\\/uploads\\\/2026\\\/04\\\/AV_logo.png\",\"contentUrl\":\"https:\\\/\\\/agur.eu\\\/wp-content\\\/uploads\\\/2026\\\/04\\\/AV_logo.png\",\"width\":571,\"height\":935,\"caption\":\"agur visuals\"},\"image\":{\"@id\":\"https:\\\/\\\/agur.eu\\\/en\\\/#\\\/schema\\\/logo\\\/image\\\/\"},\"sameAs\":[\"https:\\\/\\\/www.facebook.com\\\/agurvisuals.creative\"]}]}<\/script>\n<!-- \/ Yoast SEO plugin. -->","yoast_head_json":{"title":"work","description":"&nbsp; AV provides following services: &nbsp; graphic design &amp; layout [business cards | logos | banners | brochures | flyers | stickers | posters | illustrations] &nbsp; infographics (information graphics) design &amp; editing [data visualization | infographic stories | infographic posters &amp; banners] &nbsp; map design &amp; editing [tourism maps&nbsp; | thematic maps | cartograms&hellip;","robots":{"index":"index","follow":"follow","max-snippet":"max-snippet:-1","max-image-preview":"max-image-preview:large","max-video-preview":"max-video-preview:-1"},"canonical":"&nbsp; AV provides following services: &nbsp; graphic design &amp; layout [business cards | logos | banners | brochures | flyers | stickers | posters | illustrations] &nbsp; infographics (information graphics) design &amp; editing [data visualization | infographic stories | infographic posters &amp; banners] &nbsp; map design &amp; editing [tourism maps&nbsp; | thematic maps | cartograms&hellip;","og_locale":"en_GB","og_type":"article","og_title":"work","og_description":"&nbsp; AV provides following services: &nbsp; graphic design &amp; layout [business cards | logos | banners | brochures | flyers | stickers | posters | illustrations] &nbsp; infographics (information graphics) design &amp; editing [data visualization | infographic stories | infographic posters &amp; banners] &nbsp; map design &amp; editing [tourism maps&nbsp; | thematic maps | cartograms&hellip;","og_url":"https:\/\/agur.eu\/en\/work\/","og_site_name":"agur visuals","article_publisher":"https:\/\/www.facebook.com\/agurvisuals.creative","article_modified_time":"2026-04-28T12:39:26+00:00","twitter_misc":{"Est. reading time":"1 minute"},"schema":{"@context":"https:\/\/schema.org","@graph":[{"@type":"WebPage","@id":"https:\/\/agur.eu\/en\/work\/","url":"https:\/\/agur.eu\/en\/work\/","name":"teenused - agur visuals","isPartOf":{"@id":"https:\/\/agur.eu\/#website"},"datePublished":"2026-04-27T19:22:46+00:00","dateModified":"2026-04-28T12:39:26+00:00","description":"graafiline disain, kujundust\u00f6\u00f6d & k\u00fcljendamine | infograafika (teabegraafika) ja temaatiliste kaartide kujundamine & toimetamine | video- & fotot\u00f6\u00f6d","breadcrumb":{"@id":"https:\/\/agur.eu\/en\/work\/#breadcrumb"},"inLanguage":"en-GB","potentialAction":[{"@type":"ReadAction","target":["https:\/\/agur.eu\/en\/work\/"]}]},{"@type":"BreadcrumbList","@id":"https:\/\/agur.eu\/en\/work\/#breadcrumb","itemListElement":[{"@type":"ListItem","position":1,"name":"agurvisuals","item":"https:\/\/agur.eu\/"},{"@type":"ListItem","position":2,"name":"work"}]},{"@type":"WebSite","@id":"https:\/\/agur.eu\/en\/#website","url":"https:\/\/agur.eu\/en\/","name":"agur visuals","description":"AI-free graphic design &amp; infographics","publisher":{"@id":"https:\/\/agur.eu\/en\/#organization"},"potentialAction":[{"@type":"SearchAction","target":{"@type":"EntryPoint","urlTemplate":"https:\/\/agur.eu\/en\/?s={search_term_string}"},"query-input":{"@type":"PropertyValueSpecification","valueRequired":true,"valueName":"search_term_string"}}],"inLanguage":"en-GB"},{"@type":"Organization","@id":"https:\/\/agur.eu\/en\/#organization","name":"agur visuals","url":"https:\/\/agur.eu\/en\/","logo":{"@type":"ImageObject","inLanguage":"en-GB","@id":"https:\/\/agur.eu\/en\/#\/schema\/logo\/image\/","url":"https:\/\/agur.eu\/wp-content\/uploads\/2026\/04\/AV_logo.png","contentUrl":"https:\/\/agur.eu\/wp-content\/uploads\/2026\/04\/AV_logo.png","width":571,"height":935,"caption":"agur visuals"},"image":{"@id":"https:\/\/agur.eu\/en\/#\/schema\/logo\/image\/"},"sameAs":["https:\/\/www.facebook.com\/agurvisuals.creative"]}]}},"_links":{"self":[{"href":"https:\/\/agur.eu\/en\/wp-json\/wp\/v2\/pages\/4933","targetHints":{"allow":["GET"]}}],"collection":[{"href":"https:\/\/agur.eu\/en\/wp-json\/wp\/v2\/pages"}],"about":[{"href":"https:\/\/agur.eu\/en\/wp-json\/wp\/v2\/types\/page"}],"author":[{"embeddable":true,"href":"https:\/\/agur.eu\/en\/wp-json\/wp\/v2\/users\/4"}],"replies":[{"embeddable":true,"href":"https:\/\/agur.eu\/en\/wp-json\/wp\/v2\/comments?post=4933"}],"version-history":[{"count":16,"href":"https:\/\/agur.eu\/en\/wp-json\/wp\/v2\/pages\/4933\/revisions"}],"predecessor-version":[{"id":4976,"href":"https:\/\/agur.eu\/en\/wp-json\/wp\/v2\/pages\/4933\/revisions\/4976"}],"wp:attachment":[{"href":"https:\/\/agur.eu\/en\/wp-json\/wp\/v2\/media?parent=4933"}],"wp:term":[{"taxonomy":"category","embeddable":true,"href":"https:\/\/agur.eu\/en\/wp-json\/wp\/v2\/categories?post=4933"},{"taxonomy":"post_tag","embeddable":true,"href":"https:\/\/agur.eu\/en\/wp-json\/wp\/v2\/tags?post=4933"}],"curies":[{"name":"wp","href":"https:\/\/api.w.org\/{rel}","templated":true}]}}